{"id":100,"date":"2026-03-30T09:48:03","date_gmt":"2026-03-30T09:48:03","guid":{"rendered":"https:\/\/gazic-allservice.se\/?page_id=100"},"modified":"2026-05-08T07:57:52","modified_gmt":"2026-05-08T07:57:52","slug":"certifikat","status":"publish","type":"page","link":"https:\/\/gazic-allservice.se\/?page_id=100","title":{"rendered":"Certifikat"},"content":{"rendered":"\t\t<div data-elementor-type=\"wp-page\" data-elementor-id=\"100\" class=\"elementor elementor-100\" data-elementor-post-type=\"page\">\n\t\t\t\t<div class=\"elementor-element elementor-element-3dde4bc e-flex e-con-boxed e-con e-parent\" data-id=\"3dde4bc\" data-element_type=\"container\" data-e-type=\"container\" data-settings=\"{&quot;background_background&quot;:&quot;classic&quot;}\">\n\t\t\t\t\t<div class=\"e-con-inner\">\n\t\t\t\t<div class=\"elementor-element elementor-element-8963f62 elementor-widget elementor-widget-heading\" data-id=\"8963f62\" data-element_type=\"widget\" data-e-type=\"widget\" data-widget_type=\"heading.default\">\n\t\t\t\t\t<h2 class=\"elementor-heading-title elementor-size-default\">Kvalitet &amp; S\u00e4kerhet<\/h2>\t\t\t\t<\/div>\n\t\t\t\t<div class=\"elementor-element elementor-element-2343969 elementor-widget elementor-widget-heading\" data-id=\"2343969\" data-element_type=\"widget\" data-e-type=\"widget\" data-widget_type=\"heading.default\">\n\t\t\t\t\t<h2 class=\"elementor-heading-title elementor-size-default\">V\u00e5ra certifikat<\/h2>\t\t\t\t<\/div>\n\t\t\t\t\t<\/div>\n\t\t\t\t<\/div>\n\t\t<div class=\"elementor-element elementor-element-822eeeb e-flex e-con-boxed e-con e-parent\" data-id=\"822eeeb\" data-element_type=\"container\" data-e-type=\"container\" data-settings=\"{&quot;background_background&quot;:&quot;classic&quot;}\">\n\t\t\t\t\t<div class=\"e-con-inner\">\n\t\t<div class=\"elementor-element elementor-element-ebe4d2a e-con-full e-flex e-con e-child\" data-id=\"ebe4d2a\" data-element_type=\"container\" data-e-type=\"container\" data-settings=\"{&quot;background_background&quot;:&quot;classic&quot;}\">\n\t\t\t\t<div class=\"elementor-element elementor-element-6a2600a elementor-position-top elementor-widget elementor-widget-image-box\" data-id=\"6a2600a\" data-element_type=\"widget\" data-e-type=\"widget\" data-widget_type=\"image-box.default\">\n\t\t\t\t\t<div class=\"elementor-image-box-wrapper\"><figure class=\"elementor-image-box-img\"><img fetchpriority=\"high\" decoding=\"async\" width=\"690\" height=\"693\" src=\"https:\/\/gazic-allservice.se\/wp-content\/uploads\/2026\/03\/ISO-9001.png\" class=\"attachment-1536x1536 size-1536x1536 wp-image-105\" alt=\"\" srcset=\"https:\/\/gazic-allservice.se\/wp-content\/uploads\/2026\/03\/ISO-9001.png 690w, https:\/\/gazic-allservice.se\/wp-content\/uploads\/2026\/03\/ISO-9001-300x300.png 300w, https:\/\/gazic-allservice.se\/wp-content\/uploads\/2026\/03\/ISO-9001-150x150.png 150w\" sizes=\"(max-width: 690px) 100vw, 690px\" \/><\/figure><div class=\"elementor-image-box-content\"><h3 class=\"elementor-image-box-title\">ISO 9001 \u2013 Kvalitetsledning<\/h3><p class=\"elementor-image-box-description\">Certifierat kvalitetsledningssystem enligt internationell standard.<\/p><\/div><\/div>\t\t\t\t<\/div>\n\t\t\t\t<\/div>\n\t\t<div class=\"elementor-element elementor-element-795091a e-con-full e-flex e-con e-child\" data-id=\"795091a\" data-element_type=\"container\" data-e-type=\"container\" data-settings=\"{&quot;background_background&quot;:&quot;classic&quot;}\">\n\t\t\t\t<div class=\"elementor-element elementor-element-258933d elementor-position-top elementor-widget elementor-widget-image-box\" data-id=\"258933d\" data-element_type=\"widget\" data-e-type=\"widget\" data-widget_type=\"image-box.default\">\n\t\t\t\t\t<div class=\"elementor-image-box-wrapper\"><figure class=\"elementor-image-box-img\"><img decoding=\"async\" width=\"695\" height=\"696\" src=\"https:\/\/gazic-allservice.se\/wp-content\/uploads\/2026\/03\/ISO-14001.png\" class=\"attachment-1536x1536 size-1536x1536 wp-image-106\" alt=\"\" srcset=\"https:\/\/gazic-allservice.se\/wp-content\/uploads\/2026\/03\/ISO-14001.png 695w, https:\/\/gazic-allservice.se\/wp-content\/uploads\/2026\/03\/ISO-14001-300x300.png 300w, https:\/\/gazic-allservice.se\/wp-content\/uploads\/2026\/03\/ISO-14001-150x150.png 150w\" sizes=\"(max-width: 695px) 100vw, 695px\" \/><\/figure><div class=\"elementor-image-box-content\"><h3 class=\"elementor-image-box-title\">ISO 14001 \u2013 Milj\u00f6ledning<\/h3><p class=\"elementor-image-box-description\">Systematiskt milj\u00f6arbete certifierat enligt ISO 14001.<\/p><\/div><\/div>\t\t\t\t<\/div>\n\t\t\t\t<\/div>\n\t\t<div class=\"elementor-element elementor-element-a26bc3b e-con-full e-flex e-con e-child\" data-id=\"a26bc3b\" data-element_type=\"container\" data-e-type=\"container\" data-settings=\"{&quot;background_background&quot;:&quot;classic&quot;}\">\n\t\t\t\t<div class=\"elementor-element elementor-element-846873a elementor-position-top elementor-widget elementor-widget-image-box\" data-id=\"846873a\" data-element_type=\"widget\" data-e-type=\"widget\" data-widget_type=\"image-box.default\">\n\t\t\t\t\t<div class=\"elementor-image-box-wrapper\"><figure class=\"elementor-image-box-img\"><img decoding=\"async\" width=\"693\" height=\"696\" src=\"https:\/\/gazic-allservice.se\/wp-content\/uploads\/2026\/03\/ISO-45001.png\" class=\"attachment-1536x1536 size-1536x1536 wp-image-107\" alt=\"\" srcset=\"https:\/\/gazic-allservice.se\/wp-content\/uploads\/2026\/03\/ISO-45001.png 693w, https:\/\/gazic-allservice.se\/wp-content\/uploads\/2026\/03\/ISO-45001-300x300.png 300w, https:\/\/gazic-allservice.se\/wp-content\/uploads\/2026\/03\/ISO-45001-150x150.png 150w\" sizes=\"(max-width: 693px) 100vw, 693px\" \/><\/figure><div class=\"elementor-image-box-content\"><h3 class=\"elementor-image-box-title\">ISO 45001 \u2013 Arbetsmilj\u00f6<\/h3><p class=\"elementor-image-box-description\">Certifierad arbetsmilj\u00f6ledning f\u00f6r s\u00e4kra arbetsplatser.<\/p><\/div><\/div>\t\t\t\t<\/div>\n\t\t\t\t<\/div>\n\t\t<div class=\"elementor-element elementor-element-6e71e9f e-con-full e-flex e-con e-child\" data-id=\"6e71e9f\" data-element_type=\"container\" data-e-type=\"container\" data-settings=\"{&quot;background_background&quot;:&quot;classic&quot;}\">\n\t\t\t\t<div class=\"elementor-element elementor-element-82642f7 elementor-position-top elementor-widget elementor-widget-image-box\" data-id=\"82642f7\" data-element_type=\"widget\" data-e-type=\"widget\" data-widget_type=\"image-box.default\">\n\t\t\t\t\t<div class=\"elementor-image-box-wrapper\"><figure class=\"elementor-image-box-img\"><img loading=\"lazy\" decoding=\"async\" width=\"140\" height=\"137\" src=\"https:\/\/gazic-allservice.se\/wp-content\/uploads\/2026\/03\/rostskydd.png\" class=\"attachment-1536x1536 size-1536x1536 wp-image-110\" alt=\"\" \/><\/figure><div class=\"elementor-image-box-content\"><h3 class=\"elementor-image-box-title\"> Certifierad inom rostskyddsm\u00e5lning<\/h3><p class=\"elementor-image-box-description\">Certifierad rostskyddsm\u00e5lare som garanterar h\u00f6g kvalitet, s\u00e4kerhet och professionellt utf\u00f6rande.<\/p><\/div><\/div>\t\t\t\t<\/div>\n\t\t\t\t<\/div>\n\t\t<div class=\"elementor-element elementor-element-65cf168 e-con-full e-flex e-con e-child\" data-id=\"65cf168\" data-element_type=\"container\" data-e-type=\"container\" data-settings=\"{&quot;background_background&quot;:&quot;classic&quot;}\">\n\t\t\t\t<div class=\"elementor-element elementor-element-c06738f elementor-position-top elementor-widget elementor-widget-image-box\" data-id=\"c06738f\" data-element_type=\"widget\" data-e-type=\"widget\" data-widget_type=\"image-box.default\">\n\t\t\t\t\t<div class=\"elementor-image-box-wrapper\"><figure class=\"elementor-image-box-img\"><img loading=\"lazy\" decoding=\"async\" width=\"240\" height=\"150\" src=\"https:\/\/gazic-allservice.se\/wp-content\/uploads\/2026\/03\/lanets-ff.avif\" class=\"attachment-1536x1536 size-1536x1536 wp-image-108\" alt=\"\" \/><\/figure><div class=\"elementor-image-box-content\"><h3 class=\"elementor-image-box-title\">L\u00e4nets f\u00f6retagare<\/h3><p class=\"elementor-image-box-description\">Sveriges F\u00f6retag har utsett oss till ett av L\u00e4nets F\u00f6retag 2023 i V\u00e4stra G\u00f6talands l\u00e4n.<\/p><\/div><\/div>\t\t\t\t<\/div>\n\t\t\t\t<\/div>\n\t\t<div class=\"elementor-element elementor-element-1445e8f e-con-full e-flex e-con e-child\" data-id=\"1445e8f\" data-element_type=\"container\" data-e-type=\"container\" data-settings=\"{&quot;background_background&quot;:&quot;classic&quot;}\">\n\t\t\t\t<div class=\"elementor-element elementor-element-a5c0812 elementor-position-top elementor-widget elementor-widget-image-box\" data-id=\"a5c0812\" data-element_type=\"widget\" data-e-type=\"widget\" data-widget_type=\"image-box.default\">\n\t\t\t\t\t<div class=\"elementor-image-box-wrapper\"><figure class=\"elementor-image-box-img\"><img loading=\"lazy\" decoding=\"async\" width=\"218\" height=\"150\" src=\"https:\/\/gazic-allservice.se\/wp-content\/uploads\/2026\/03\/Skarmbild-2023-06-21-170235.avif\" class=\"attachment-1536x1536 size-1536x1536 wp-image-109\" alt=\"\" \/><\/figure><div class=\"elementor-image-box-content\"><h3 class=\"elementor-image-box-title\">AAA<\/h3><p class=\"elementor-image-box-description\">Vi har sedan 2021 haft h\u00f6gsta kreditv\u00e4rdighet enligt Bisnode.<\/p><\/div><\/div>\t\t\t\t<\/div>\n\t\t\t\t<\/div>\n\t\t\t\t\t<\/div>\n\t\t\t\t<\/div>\n\t\t<div class=\"elementor-element elementor-element-95b5bd8 e-flex e-con-boxed e-con e-parent\" data-id=\"95b5bd8\" data-element_type=\"container\" data-e-type=\"container\" data-settings=\"{&quot;background_background&quot;:&quot;classic&quot;}\">\n\t\t\t\t\t<div class=\"e-con-inner\">\n\t\t\t\t<div class=\"elementor-element elementor-element-7f058d6 elementor-widget elementor-widget-spacer\" data-id=\"7f058d6\" data-element_type=\"widget\" data-e-type=\"widget\" data-widget_type=\"spacer.default\">\n\t\t\t\t\t\t\t<div class=\"elementor-spacer\">\n\t\t\t<div class=\"elementor-spacer-inner\"><\/div>\n\t\t<\/div>\n\t\t\t\t\t\t<\/div>\n\t\t\t\t\t<\/div>\n\t\t\t\t<\/div>\n\t\t\t\t<\/div>\n\t\t","protected":false},"excerpt":{"rendered":"<p>Kvalitet &amp; S\u00e4kerhet V\u00e5ra certifikat ISO 9001 \u2013 Kvalitetsledning Certifierat kvalitetsledningssystem enligt internationell standard. ISO 14001 \u2013 Milj\u00f6ledning Systematiskt milj\u00f6arbete certifierat enligt ISO 14001. ISO 45001 \u2013 Arbetsmilj\u00f6 Certifierad arbetsmilj\u00f6ledning f\u00f6r s\u00e4kra arbetsplatser. Certifierad inom rostskyddsm\u00e5lning Certifierad rostskyddsm\u00e5lare som garanterar h\u00f6g kvalitet, s\u00e4kerhet och professionellt utf\u00f6rande. L\u00e4nets f\u00f6retagare Sveriges F\u00f6retag har utsett oss till ett [&hellip;]<\/p>\n","protected":false},"author":1,"featured_media":105,"parent":0,"menu_order":0,"comment_status":"closed","ping_status":"closed","template":"","meta":{"footnotes":""},"class_list":["post-100","page","type-page","status-publish","has-post-thumbnail","hentry"],"yoast_head":"<!-- This site is optimized with the Yoast SEO plugin v27.5 - https:\/\/yoast.com\/product\/yoast-seo-wordpress\/ -->\n<title>Certifikat &amp; Kvalitetss\u00e4kring | Gazic Allservice AB<\/title>\n<meta name=\"description\" content=\"Vi \u00e4r certifierade enligt ISO 9001, ISO 14001 och ISO 45001. Gazic erbjuder kvalitetss\u00e4krade tj\u00e4nster med fokus p\u00e5 s\u00e4kerhet och milj\u00f6.\" \/>\n<meta name=\"robots\" content=\"index, follow, max-snippet:-1, max-image-preview:large, max-video-preview:-1\" \/>\n<link rel=\"canonical\" href=\"https:\/\/gazic-allservice.se\/?page_id=100\" \/>\n<meta property=\"og:locale\" content=\"sv_SE\" \/>\n<meta property=\"og:type\" content=\"article\" \/>\n<meta property=\"og:title\" content=\"Certifikat &amp; Kvalitetss\u00e4kring | Gazic Allservice AB\" \/>\n<meta property=\"og:description\" content=\"Vi \u00e4r certifierade enligt ISO 9001, ISO 14001 och ISO 45001. Gazic erbjuder kvalitetss\u00e4krade tj\u00e4nster med fokus p\u00e5 s\u00e4kerhet och milj\u00f6.\" \/>\n<meta property=\"og:url\" content=\"https:\/\/gazic-allservice.se\/?page_id=100\" \/>\n<meta property=\"og:site_name\" content=\"Gazic Allservice AB\" \/>\n<meta property=\"article:publisher\" content=\"https:\/\/www.facebook.com\/profile.php?id=61552724128209&amp;locale=sv_SE\" \/>\n<meta property=\"article:modified_time\" content=\"2026-05-08T07:57:52+00:00\" \/>\n<meta property=\"og:image\" content=\"https:\/\/gazic-allservice.se\/wp-content\/uploads\/2026\/03\/ISO-9001.png\" \/>\n\t<meta property=\"og:image:width\" content=\"690\" \/>\n\t<meta property=\"og:image:height\" content=\"693\" \/>\n\t<meta property=\"og:image:type\" content=\"image\/png\" \/>\n<meta name=\"twitter:card\" content=\"summary_large_image\" \/>\n<meta name=\"twitter:label1\" content=\"Ber\u00e4knad l\u00e4stid\" \/>\n\t<meta name=\"twitter:data1\" content=\"2 minuter\" \/>\n<script type=\"application\/ld+json\" class=\"yoast-schema-graph\">{\"@context\":\"https:\\\/\\\/schema.org\",\"@graph\":[{\"@type\":\"WebPage\",\"@id\":\"https:\\\/\\\/gazic-allservice.se\\\/?page_id=100\",\"url\":\"https:\\\/\\\/gazic-allservice.se\\\/?page_id=100\",\"name\":\"Certifikat & Kvalitetss\u00e4kring | Gazic Allservice AB\",\"isPartOf\":{\"@id\":\"https:\\\/\\\/gazic-allservice.se\\\/#website\"},\"primaryImageOfPage\":{\"@id\":\"https:\\\/\\\/gazic-allservice.se\\\/?page_id=100#primaryimage\"},\"image\":{\"@id\":\"https:\\\/\\\/gazic-allservice.se\\\/?page_id=100#primaryimage\"},\"thumbnailUrl\":\"https:\\\/\\\/gazic-allservice.se\\\/wp-content\\\/uploads\\\/2026\\\/03\\\/ISO-9001.png\",\"datePublished\":\"2026-03-30T09:48:03+00:00\",\"dateModified\":\"2026-05-08T07:57:52+00:00\",\"description\":\"Vi \u00e4r certifierade enligt ISO 9001, ISO 14001 och ISO 45001. Gazic erbjuder kvalitetss\u00e4krade tj\u00e4nster med fokus p\u00e5 s\u00e4kerhet och milj\u00f6.\",\"breadcrumb\":{\"@id\":\"https:\\\/\\\/gazic-allservice.se\\\/?page_id=100#breadcrumb\"},\"inLanguage\":\"sv-SE\",\"potentialAction\":[{\"@type\":\"ReadAction\",\"target\":[\"https:\\\/\\\/gazic-allservice.se\\\/?page_id=100\"]}]},{\"@type\":\"ImageObject\",\"inLanguage\":\"sv-SE\",\"@id\":\"https:\\\/\\\/gazic-allservice.se\\\/?page_id=100#primaryimage\",\"url\":\"https:\\\/\\\/gazic-allservice.se\\\/wp-content\\\/uploads\\\/2026\\\/03\\\/ISO-9001.png\",\"contentUrl\":\"https:\\\/\\\/gazic-allservice.se\\\/wp-content\\\/uploads\\\/2026\\\/03\\\/ISO-9001.png\",\"width\":690,\"height\":693},{\"@type\":\"BreadcrumbList\",\"@id\":\"https:\\\/\\\/gazic-allservice.se\\\/?page_id=100#breadcrumb\",\"itemListElement\":[{\"@type\":\"ListItem\",\"position\":1,\"name\":\"Hem\",\"item\":\"https:\\\/\\\/gazic-allservice.se\\\/\"},{\"@type\":\"ListItem\",\"position\":2,\"name\":\"Certifikat\"}]},{\"@type\":\"WebSite\",\"@id\":\"https:\\\/\\\/gazic-allservice.se\\\/#website\",\"url\":\"https:\\\/\\\/gazic-allservice.se\\\/\",\"name\":\"Gazic Allservice AB\",\"description\":\"\",\"publisher\":{\"@id\":\"https:\\\/\\\/gazic-allservice.se\\\/#organization\"},\"potentialAction\":[{\"@type\":\"SearchAction\",\"target\":{\"@type\":\"EntryPoint\",\"urlTemplate\":\"https:\\\/\\\/gazic-allservice.se\\\/?s={search_term_string}\"},\"query-input\":{\"@type\":\"PropertyValueSpecification\",\"valueRequired\":true,\"valueName\":\"search_term_string\"}}],\"inLanguage\":\"sv-SE\"},{\"@type\":\"Organization\",\"@id\":\"https:\\\/\\\/gazic-allservice.se\\\/#organization\",\"name\":\"Gazic Allservice AB\",\"url\":\"https:\\\/\\\/gazic-allservice.se\\\/\",\"logo\":{\"@type\":\"ImageObject\",\"inLanguage\":\"sv-SE\",\"@id\":\"https:\\\/\\\/gazic-allservice.se\\\/#\\\/schema\\\/logo\\\/image\\\/\",\"url\":\"https:\\\/\\\/gazic-allservice.se\\\/wp-content\\\/uploads\\\/2026\\\/03\\\/bild-1.png\",\"contentUrl\":\"https:\\\/\\\/gazic-allservice.se\\\/wp-content\\\/uploads\\\/2026\\\/03\\\/bild-1.png\",\"width\":631,\"height\":322,\"caption\":\"Gazic Allservice AB\"},\"image\":{\"@id\":\"https:\\\/\\\/gazic-allservice.se\\\/#\\\/schema\\\/logo\\\/image\\\/\"},\"sameAs\":[\"https:\\\/\\\/www.facebook.com\\\/profile.php?id=61552724128209&locale=sv_SE\"]}]}<\/script>\n<!-- \/ Yoast SEO plugin. -->","yoast_head_json":{"title":"Certifikat & Kvalitetss\u00e4kring | Gazic Allservice AB","description":"Vi \u00e4r certifierade enligt ISO 9001, ISO 14001 och ISO 45001. Gazic erbjuder kvalitetss\u00e4krade tj\u00e4nster med fokus p\u00e5 s\u00e4kerhet och milj\u00f6.","robots":{"index":"index","follow":"follow","max-snippet":"max-snippet:-1","max-image-preview":"max-image-preview:large","max-video-preview":"max-video-preview:-1"},"canonical":"https:\/\/gazic-allservice.se\/?page_id=100","og_locale":"sv_SE","og_type":"article","og_title":"Certifikat & Kvalitetss\u00e4kring | Gazic Allservice AB","og_description":"Vi \u00e4r certifierade enligt ISO 9001, ISO 14001 och ISO 45001. Gazic erbjuder kvalitetss\u00e4krade tj\u00e4nster med fokus p\u00e5 s\u00e4kerhet och milj\u00f6.","og_url":"https:\/\/gazic-allservice.se\/?page_id=100","og_site_name":"Gazic Allservice AB","article_publisher":"https:\/\/www.facebook.com\/profile.php?id=61552724128209&locale=sv_SE","article_modified_time":"2026-05-08T07:57:52+00:00","og_image":[{"width":690,"height":693,"url":"https:\/\/gazic-allservice.se\/wp-content\/uploads\/2026\/03\/ISO-9001.png","type":"image\/png"}],"twitter_card":"summary_large_image","twitter_misc":{"Ber\u00e4knad l\u00e4stid":"2 minuter"},"schema":{"@context":"https:\/\/schema.org","@graph":[{"@type":"WebPage","@id":"https:\/\/gazic-allservice.se\/?page_id=100","url":"https:\/\/gazic-allservice.se\/?page_id=100","name":"Certifikat & Kvalitetss\u00e4kring | Gazic Allservice AB","isPartOf":{"@id":"https:\/\/gazic-allservice.se\/#website"},"primaryImageOfPage":{"@id":"https:\/\/gazic-allservice.se\/?page_id=100#primaryimage"},"image":{"@id":"https:\/\/gazic-allservice.se\/?page_id=100#primaryimage"},"thumbnailUrl":"https:\/\/gazic-allservice.se\/wp-content\/uploads\/2026\/03\/ISO-9001.png","datePublished":"2026-03-30T09:48:03+00:00","dateModified":"2026-05-08T07:57:52+00:00","description":"Vi \u00e4r certifierade enligt ISO 9001, ISO 14001 och ISO 45001. Gazic erbjuder kvalitetss\u00e4krade tj\u00e4nster med fokus p\u00e5 s\u00e4kerhet och milj\u00f6.","breadcrumb":{"@id":"https:\/\/gazic-allservice.se\/?page_id=100#breadcrumb"},"inLanguage":"sv-SE","potentialAction":[{"@type":"ReadAction","target":["https:\/\/gazic-allservice.se\/?page_id=100"]}]},{"@type":"ImageObject","inLanguage":"sv-SE","@id":"https:\/\/gazic-allservice.se\/?page_id=100#primaryimage","url":"https:\/\/gazic-allservice.se\/wp-content\/uploads\/2026\/03\/ISO-9001.png","contentUrl":"https:\/\/gazic-allservice.se\/wp-content\/uploads\/2026\/03\/ISO-9001.png","width":690,"height":693},{"@type":"BreadcrumbList","@id":"https:\/\/gazic-allservice.se\/?page_id=100#breadcrumb","itemListElement":[{"@type":"ListItem","position":1,"name":"Hem","item":"https:\/\/gazic-allservice.se\/"},{"@type":"ListItem","position":2,"name":"Certifikat"}]},{"@type":"WebSite","@id":"https:\/\/gazic-allservice.se\/#website","url":"https:\/\/gazic-allservice.se\/","name":"Gazic Allservice AB","description":"","publisher":{"@id":"https:\/\/gazic-allservice.se\/#organization"},"potentialAction":[{"@type":"SearchAction","target":{"@type":"EntryPoint","urlTemplate":"https:\/\/gazic-allservice.se\/?s={search_term_string}"},"query-input":{"@type":"PropertyValueSpecification","valueRequired":true,"valueName":"search_term_string"}}],"inLanguage":"sv-SE"},{"@type":"Organization","@id":"https:\/\/gazic-allservice.se\/#organization","name":"Gazic Allservice AB","url":"https:\/\/gazic-allservice.se\/","logo":{"@type":"ImageObject","inLanguage":"sv-SE","@id":"https:\/\/gazic-allservice.se\/#\/schema\/logo\/image\/","url":"https:\/\/gazic-allservice.se\/wp-content\/uploads\/2026\/03\/bild-1.png","contentUrl":"https:\/\/gazic-allservice.se\/wp-content\/uploads\/2026\/03\/bild-1.png","width":631,"height":322,"caption":"Gazic Allservice AB"},"image":{"@id":"https:\/\/gazic-allservice.se\/#\/schema\/logo\/image\/"},"sameAs":["https:\/\/www.facebook.com\/profile.php?id=61552724128209&locale=sv_SE"]}]}},"_links":{"self":[{"href":"https:\/\/gazic-allservice.se\/index.php?rest_route=\/wp\/v2\/pages\/100","targetHints":{"allow":["GET"]}}],"collection":[{"href":"https:\/\/gazic-allservice.se\/index.php?rest_route=\/wp\/v2\/pages"}],"about":[{"href":"https:\/\/gazic-allservice.se\/index.php?rest_route=\/wp\/v2\/types\/page"}],"author":[{"embeddable":true,"href":"https:\/\/gazic-allservice.se\/index.php?rest_route=\/wp\/v2\/users\/1"}],"replies":[{"embeddable":true,"href":"https:\/\/gazic-allservice.se\/index.php?rest_route=%2Fwp%2Fv2%2Fcomments&post=100"}],"version-history":[{"count":10,"href":"https:\/\/gazic-allservice.se\/index.php?rest_route=\/wp\/v2\/pages\/100\/revisions"}],"predecessor-version":[{"id":296,"href":"https:\/\/gazic-allservice.se\/index.php?rest_route=\/wp\/v2\/pages\/100\/revisions\/296"}],"wp:featuredmedia":[{"embeddable":true,"href":"https:\/\/gazic-allservice.se\/index.php?rest_route=\/wp\/v2\/media\/105"}],"wp:attachment":[{"href":"https:\/\/gazic-allservice.se\/index.php?rest_route=%2Fwp%2Fv2%2Fmedia&parent=100"}],"curies":[{"name":"wp","href":"https:\/\/api.w.org\/{rel}","templated":true}]}}